{"id":17,"date":"2025-05-10T06:53:33","date_gmt":"2025-05-10T06:53:33","guid":{"rendered":"https:\/\/dinexito.com\/?page_id=17"},"modified":"2025-06-03T21:09:23","modified_gmt":"2025-06-03T21:09:23","slug":"about","status":"publish","type":"page","link":"https:\/\/dinexito.com\/de\/about\/","title":{"rendered":"\u00dcber"},"content":{"rendered":"<p><strong><br><\/strong>Dinexito ist eine Informationsplattform, die sich der Brindar Claridad Financiera und einem Unternehmen widmet, das Entscheidungen \u00fcber das Geld nach mehr als einem Jahr getroffen hat. Unser erstes Buch besteht aus einem Grund: Der \u00dcberblick \u00fcber Ihre Finanzen muss schwierig sein und h\u00e4ngt nicht von unzug\u00e4nglichen technischen Kenntnissen ab.<\/p>\n\n\n\n<p>Wir bieten aktualisierte und verl\u00e4ssliche Inhalte an, die sich mit den Themen befassen, die in Ihrem wirtschaftlichen Leben wirklich Einfluss haben: Als ich mit der Absicht gehorchte, konnte ich mich mit der Kreditw\u00fcrdigkeit begn\u00fcgen, die ich vor der Umkehrung in Betracht zog und die digitalen Werkzeuge in die Lage versetzte, weitere Entscheidungen zu treffen. Unsere Kompromisse m\u00fcssen zwischen den Zeilen gelesen, mit den Grundlagen besprochen und mit Sicherheit fortgefahren werden.<\/p>\n\n\n\n<h2 class=\"wp-block-heading\">Unabh\u00e4ngigkeit und Transparenz<\/h2>\n\n\n\n<p>En Dinexito trabajamos con total independcia Editorial. Keine Interessen, wir vertreten keine Interessen gegen\u00fcber Banken, Pr\u00fcfern, Fintechs oder Organismen des mexikanischen oder externen Finanzsystems.<\/p>\n\n\n\n<p>Dies ist uns gestattet, Analysen, Vergleiche und Empfehlungen in Interessenkonflikten durchzuf\u00fchren, mit der einzigen endg\u00fcltigen Entscheidung, die Sie, als Lektor, in Form von B\u00e4nden mit guten Informationen und Anpassungen an Ihre Realit\u00e4t erhalten haben. Keine Werbeaktionen f\u00fcr Produkte im Laufe der Zeit und keine weiteren Informationen zur Bevorzugung der Ware. Unsere Redaktion basiert auf Zuverl\u00e4ssigkeit, praktischem Nutzen und Respekt f\u00fcr Ihre finanzielle Unabh\u00e4ngigkeit.<\/p>\n\n\n\n<h2 class=\"wp-block-heading\">Qu\u00e9 Puedes Esperar de Dinexito<\/h2>\n\n\n\n<p>Organisieren Sie unsere Inhalte f\u00fcr jede Person, die nicht auf ihrem finanziellen Erfahrungsniveau liegt, und k\u00f6nnen Sie klare Antworten und n\u00fctzliche Informationen erhalten. Sie k\u00f6nnen die Website erkunden:<\/p>\n\n\n\n<ul>\n<li><strong>Finanzielle Bildung mit Blick auf die Realit\u00e4t:<\/strong> Aus den grundlegenden Konzepten m\u00fcssen Sie Werkzeuge f\u00fcr die Organisation Ihrer Vorkenntnisse, die Einbindung von zwei oder mehreren wirtschaftlichen Ebenen, erstellen.<\/li>\n\n\n\n<li><strong>Analyse der Produkte und Dienstleistungen:<\/strong> Cuentas, Tarjetas, Pr\u00e9stamos, Seguros und Plataformas Digitale Erkl\u00e4rungen in direkter Sprache, Con Pros, Contras und Sin Letra Chica.<\/li>\n\n\n\n<li><strong>Hinweise zu Kredit und historischem Finanzwesen:<\/strong> Was impliziert, dass Sie eine formelle Kreditw\u00fcrdigkeit verwenden, wie Ihre Punktzahl und die Interaktion mit den B\u00fcros in Mexiko.<\/li>\n\n\n\n<li><strong>Optionen f\u00fcr Horror und Umkehrung: <\/strong>Aus den traditionellen Instrumenten wie CETES gibt es neue Apps und Alternativen f\u00fcr diejenigen, die gerade dabei sind.<\/li>\n\n\n\n<li><strong>Digitale Sicherheit und Betrugspr\u00e4vention:<\/strong> Aktualisierungen zum Schutz Ihrer Identit\u00e4t, Ihrer Bankinformationen und Ihrer Rekursionen online.<br><\/li>\n<\/ul>\n\n\n\n<h2 class=\"wp-block-heading\">Por Qu\u00e9 Existimos<\/h2>\n\n\n\n<p>Es ist nicht n\u00f6tig, einen Raum zu schaffen, in dem die Finanzen gekl\u00e4rt sind, ohne dass Formeln frei sind und keine Versprechen vergeben werden. Wir fragen Sie, ob Sie die Kontrolle \u00fcber Ihr Essen mit Informationen haben, die Sie sich anvertrauen k\u00f6nnen, aber Sie sind von Terceros abh\u00e4ngig, um zu entscheiden, was Sie tun m\u00f6chten.<\/p>\n\n\n\n<p>Wir wissen, dass jede Person einen besonderen Punkt hat, weil sie Inhalte zug\u00e4nglich, aber streng, mit wichtigen Informationen und relevanten Daten erstellt hat. Unserer Meinung nach gibt es keine absoluten Antworten, sondern nur Werkzeuge f\u00fcr Ihre Konstruktion.<\/p>\n\n\n\n<p>Dinexito ist f\u00fcr diejenigen, die das Finanzsystem ohne Filter betreten, gewissenhafte Entscheidungen treffen und eine offenere, informativere und lohnenswertere Beziehung mit dem Geld aufbauen m\u00fcssen.<\/p>","protected":false},"excerpt":{"rendered":"<p>Dinexito ist eine Informationsplattform, die sich der Brindar Claridad Financiera und einem Unternehmen widmet, das Entscheidungen \u00fcber das Geld nach mehr als einem Jahr getroffen hat. Unser erstes Buch besteht aus einem Grund: Der \u00dcberblick \u00fcber Ihre Finanzen muss schwierig sein und h\u00e4ngt nicht von unzug\u00e4nglichen technischen Kenntnissen ab. Wir bieten aktualisierte und vertrauliche Inhalte an, die sich mit den Themen befassen, die wirklich Einfluss haben [\u2026]<\/p>","protected":false},"author":44,"featured_media":0,"parent":0,"menu_order":0,"comment_status":"closed","ping_status":"closed","template":"","meta":{"_uag_custom_page_level_css":"","site-sidebar-layout":"default","site-content-layout":"","ast-site-content-layout":"default","site-content-style":"default","site-sidebar-style":"default","ast-global-header-display":"","ast-banner-title-visibility":"","ast-main-header-display":"","ast-hfb-above-header-display":"","ast-hfb-below-header-display":"","ast-hfb-mobile-header-display":"","site-post-title":"","ast-breadcrumbs-content":"","ast-featured-img":"","footer-sml-layout":"","theme-transparent-header-meta":"","adv-header-id-meta":"","stick-header-meta":"","header-above-stick-meta":"","header-main-stick-meta":"","header-below-stick-meta":"","astra-migrate-meta-layouts":"set","ast-page-background-enabled":"default","ast-page-background-meta":{"desktop":{"background-color":"var(--ast-global-color-4)","background-image":"","background-repeat":"repeat","background-position":"center center","background-size":"auto","background-attachment":"scroll","background-type":"","background-media":"","overlay-type":"","overlay-color":"","overlay-opacity":"","overlay-gradient":""},"tablet":{"background-color":"","background-image":"","background-repeat":"repeat","background-position":"center center","background-size":"auto","background-attachment":"scroll","background-type":"","background-media":"","overlay-type":"","overlay-color":"","overlay-opacity":"","overlay-gradient":""},"mobile":{"background-color":"","background-image":"","background-repeat":"repeat","background-position":"center center","background-size":"auto","background-attachment":"scroll","background-type":"","background-media":"","overlay-type":"","overlay-color":"","overlay-opacity":"","overlay-gradient":""}},"ast-content-background-meta":{"desktop":{"background-color":"var(--ast-global-color-5)","background-image":"","background-repeat":"repeat","background-position":"center center","background-size":"auto","background-attachment":"scroll","background-type":"","background-media":"","overlay-type":"","overlay-color":"","overlay-opacity":"","overlay-gradient":""},"tablet":{"background-color":"var(--ast-global-color-5)","background-image":"","background-repeat":"repeat","background-position":"center center","background-size":"auto","background-attachment":"scroll","background-type":"","background-media":"","overlay-type":"","overlay-color":"","overlay-opacity":"","overlay-gradient":""},"mobile":{"background-color":"var(--ast-global-color-5)","background-image":"","background-repeat":"repeat","background-position":"center center","background-size":"auto","background-attachment":"scroll","background-type":"","background-media":"","overlay-type":"","overlay-color":"","overlay-opacity":"","overlay-gradient":""}},"footnotes":""},"yoast_head":"<!-- This site is optimized with the Yoast SEO plugin v23.3 - https:\/\/yoast.com\/wordpress\/plugins\/seo\/ -->\n<title>Acerca de - Dinexito<\/title>\n<meta name=\"robots\" content=\"index, follow, max-snippet:-1, max-image-preview:large, max-video-preview:-1\" \/>\n<link rel=\"canonical\" href=\"https:\/\/dinexito.com\/de\/about\/\" \/>\n<meta property=\"og:locale\" content=\"de_DE\" \/>\n<meta property=\"og:type\" content=\"article\" \/>\n<meta property=\"og:title\" content=\"Acerca de - Dinexito\" \/>\n<meta property=\"og:description\" content=\"Dinexito es una plataforma informativa dedicada a brindar claridad financiera en un entorno donde las decisiones sobre dinero son cada vez m\u00e1s complejas. Nuestro enfoque parte de una premisa sencilla: comprender tus finanzas no deber\u00eda ser dif\u00edcil ni depender de conocimientos t\u00e9cnicos inaccesibles. Ofrecemos contenidos actualizados y confiables que abordan los temas que realmente influyen [&hellip;]\" \/>\n<meta property=\"og:url\" content=\"https:\/\/dinexito.com\/de\/about\/\" \/>\n<meta property=\"og:site_name\" content=\"Dinexito\" \/>\n<meta property=\"article:modified_time\" content=\"2025-06-03T21:09:23+00:00\" \/>\n<meta name=\"twitter:card\" content=\"summary_large_image\" \/>\n<meta name=\"twitter:label1\" content=\"Est. reading time\" \/>\n\t<meta name=\"twitter:data1\" content=\"2 Minuten\" \/>\n<script type=\"application\/ld+json\" class=\"yoast-schema-graph\">{\"@context\":\"https:\/\/schema.org\",\"@graph\":[{\"@type\":\"WebPage\",\"@id\":\"https:\/\/dinexito.com\/about\/\",\"url\":\"https:\/\/dinexito.com\/about\/\",\"name\":\"Acerca de - Dinexito\",\"isPartOf\":{\"@id\":\"https:\/\/dinexito.com\/#website\"},\"datePublished\":\"2025-05-10T06:53:33+00:00\",\"dateModified\":\"2025-06-03T21:09:23+00:00\",\"breadcrumb\":{\"@id\":\"https:\/\/dinexito.com\/about\/#breadcrumb\"},\"inLanguage\":\"de-DE\",\"potentialAction\":[{\"@type\":\"ReadAction\",\"target\":[\"https:\/\/dinexito.com\/about\/\"]}]},{\"@type\":\"BreadcrumbList\",\"@id\":\"https:\/\/dinexito.com\/about\/#breadcrumb\",\"itemListElement\":[{\"@type\":\"ListItem\",\"position\":1,\"name\":\"Home\",\"item\":\"https:\/\/dinexito.com\/\"},{\"@type\":\"ListItem\",\"position\":2,\"name\":\"Acerca de\"}]},{\"@type\":\"WebSite\",\"@id\":\"https:\/\/dinexito.com\/#website\",\"url\":\"https:\/\/dinexito.com\/\",\"name\":\"Dinexito\",\"description\":\"\",\"publisher\":{\"@id\":\"https:\/\/dinexito.com\/#organization\"},\"potentialAction\":[{\"@type\":\"SearchAction\",\"target\":{\"@type\":\"EntryPoint\",\"urlTemplate\":\"https:\/\/dinexito.com\/?s={search_term_string}\"},\"query-input\":\"required name=search_term_string\"}],\"inLanguage\":\"de-DE\"},{\"@type\":\"Organization\",\"@id\":\"https:\/\/dinexito.com\/#organization\",\"name\":\"Dinexito\",\"url\":\"https:\/\/dinexito.com\/\",\"logo\":{\"@type\":\"ImageObject\",\"inLanguage\":\"de-DE\",\"@id\":\"https:\/\/dinexito.com\/#\/schema\/logo\/image\/\",\"url\":\"https:\/\/dinexito.com\/wp-content\/uploads\/sites\/274\/2025\/11\/Logo-Dinexito.png\",\"contentUrl\":\"https:\/\/dinexito.com\/wp-content\/uploads\/sites\/274\/2025\/11\/Logo-Dinexito.png\",\"width\":600,\"height\":600,\"caption\":\"Dinexito\"},\"image\":{\"@id\":\"https:\/\/dinexito.com\/#\/schema\/logo\/image\/\"}}]}<\/script>\n<!-- \/ Yoast SEO plugin. -->","yoast_head_json":{"title":"Acerca de - Dinexito","robots":{"index":"index","follow":"follow","max-snippet":"max-snippet:-1","max-image-preview":"max-image-preview:large","max-video-preview":"max-video-preview:-1"},"canonical":"https:\/\/dinexito.com\/de\/about\/","og_locale":"de_DE","og_type":"article","og_title":"Acerca de - Dinexito","og_description":"Dinexito es una plataforma informativa dedicada a brindar claridad financiera en un entorno donde las decisiones sobre dinero son cada vez m\u00e1s complejas. Nuestro enfoque parte de una premisa sencilla: comprender tus finanzas no deber\u00eda ser dif\u00edcil ni depender de conocimientos t\u00e9cnicos inaccesibles. Ofrecemos contenidos actualizados y confiables que abordan los temas que realmente influyen [&hellip;]","og_url":"https:\/\/dinexito.com\/de\/about\/","og_site_name":"Dinexito","article_modified_time":"2025-06-03T21:09:23+00:00","twitter_card":"summary_large_image","twitter_misc":{"Est. reading time":"2 Minuten"},"schema":{"@context":"https:\/\/schema.org","@graph":[{"@type":"WebPage","@id":"https:\/\/dinexito.com\/about\/","url":"https:\/\/dinexito.com\/about\/","name":"Acerca de - Dinexito","isPartOf":{"@id":"https:\/\/dinexito.com\/#website"},"datePublished":"2025-05-10T06:53:33+00:00","dateModified":"2025-06-03T21:09:23+00:00","breadcrumb":{"@id":"https:\/\/dinexito.com\/about\/#breadcrumb"},"inLanguage":"de-DE","potentialAction":[{"@type":"ReadAction","target":["https:\/\/dinexito.com\/about\/"]}]},{"@type":"BreadcrumbList","@id":"https:\/\/dinexito.com\/about\/#breadcrumb","itemListElement":[{"@type":"ListItem","position":1,"name":"Home","item":"https:\/\/dinexito.com\/"},{"@type":"ListItem","position":2,"name":"Acerca de"}]},{"@type":"WebSite","@id":"https:\/\/dinexito.com\/#website","url":"https:\/\/dinexito.com\/","name":"Dinexito","description":"","publisher":{"@id":"https:\/\/dinexito.com\/#organization"},"potentialAction":[{"@type":"SearchAction","target":{"@type":"EntryPoint","urlTemplate":"https:\/\/dinexito.com\/?s={search_term_string}"},"query-input":"required name=search_term_string"}],"inLanguage":"de-DE"},{"@type":"Organization","@id":"https:\/\/dinexito.com\/#organization","name":"Dinexito","url":"https:\/\/dinexito.com\/","logo":{"@type":"ImageObject","inLanguage":"de-DE","@id":"https:\/\/dinexito.com\/#\/schema\/logo\/image\/","url":"https:\/\/dinexito.com\/wp-content\/uploads\/sites\/274\/2025\/11\/Logo-Dinexito.png","contentUrl":"https:\/\/dinexito.com\/wp-content\/uploads\/sites\/274\/2025\/11\/Logo-Dinexito.png","width":600,"height":600,"caption":"Dinexito"},"image":{"@id":"https:\/\/dinexito.com\/#\/schema\/logo\/image\/"}}]}},"uagb_featured_image_src":{"full":false,"thumbnail":false,"medium":false,"medium_large":false,"large":false,"1536x1536":false,"2048x2048":false,"trp-custom-language-flag":false},"uagb_author_info":{"display_name":"Abner Silvestre","author_link":"https:\/\/dinexito.com\/de\/author\/abnermwsilvestre\/"},"uagb_comment_info":0,"uagb_excerpt":"Dinexito es una plataforma informativa dedicada a brindar claridad financiera en un entorno donde las decisiones sobre dinero son cada vez m\u00e1s complejas. Nuestro enfoque parte de una premisa sencilla: comprender tus finanzas no deber\u00eda ser dif\u00edcil ni depender de conocimientos t\u00e9cnicos inaccesibles. Ofrecemos contenidos actualizados y confiables que abordan los temas que realmente influyen&hellip;","_links":{"self":[{"href":"https:\/\/dinexito.com\/de\/wp-json\/wp\/v2\/pages\/17"}],"collection":[{"href":"https:\/\/dinexito.com\/de\/wp-json\/wp\/v2\/pages"}],"about":[{"href":"https:\/\/dinexito.com\/de\/wp-json\/wp\/v2\/types\/page"}],"author":[{"embeddable":true,"href":"https:\/\/dinexito.com\/de\/wp-json\/wp\/v2\/users\/44"}],"replies":[{"embeddable":true,"href":"https:\/\/dinexito.com\/de\/wp-json\/wp\/v2\/comments?post=17"}],"version-history":[{"count":2,"href":"https:\/\/dinexito.com\/de\/wp-json\/wp\/v2\/pages\/17\/revisions"}],"predecessor-version":[{"id":734,"href":"https:\/\/dinexito.com\/de\/wp-json\/wp\/v2\/pages\/17\/revisions\/734"}],"wp:attachment":[{"href":"https:\/\/dinexito.com\/de\/wp-json\/wp\/v2\/media?parent=17"}],"curies":[{"name":"wp","href":"https:\/\/api.w.org\/{rel}","templated":true}]}}